{"id":137,"date":"2018-12-20T13:43:21","date_gmt":"2018-12-20T13:43:21","guid":{"rendered":"https:\/\/uhg-emmen.ch\/?page_id=137"},"modified":"2023-01-20T10:22:09","modified_gmt":"2023-01-20T10:22:09","slug":"aktuelles","status":"publish","type":"page","link":"https:\/\/uhg-emmen.ch\/?page_id=137","title":{"rendered":"Aktuelles"},"content":{"rendered":"\n<p><strong>Der Vorstand der UHG Emmen hat sich folgendermassen konstituiert:<\/strong><\/p>\n\n\n\n<p>Pr\u00e4sident und Stellvertretender Strassenmeister: Otto B\u00fchlmann<\/p>\n\n\n\n<p>Vice-Pr\u00e4sident: Marco Hertig<\/p>\n\n\n\n<p>Kassier: Benno G\u00fcrber<\/p>\n\n\n\n<p>Aktuar: Philipp Bannwart<\/p>\n\n\n\n<p>Beisitz und Support: Dominik Weber<\/p>\n\n\n\n<p>Beisitz und Strassenmeister: Thomas B\u00fchlmann<\/p>\n\n\n\n<p> <\/p>\n\n\n\n<p><strong>Die UHG Emmen wurde an der Gr\u00fcndungsversammlung vom 01. Dezember 2022 erfolgreich gegr\u00fcndet.<\/strong><\/p>\n\n\n\n<p>Ausk\u00fcnfte zur UHG-Emmen erhalten Sie jederzeit bei Otto  B\u00fchlmann (otto.buehlmann@bluewin.ch oder 079 920 89 67)<\/p>\n","protected":false},"excerpt":{"rendered":"<p>Der Vorstand der UHG Emmen hat sich folgendermassen konstituiert: Pr\u00e4sident und Stellvertretender Strassenmeister: Otto B\u00fchlmann Vice-Pr\u00e4sident: Marco Hertig Kassier: Benno G\u00fcrber Aktuar: Philipp Bannwart Beisitz und Support: Dominik Weber Beisitz und Strassenmeister: Thomas B\u00fchlmann Die UHG Emmen wurde an der Gr\u00fcndungsversammlung vom 01. Dezember 2022 erfolgreich gegr\u00fcndet. Ausk\u00fcnfte zur UHG-Emmen erhalten Sie jederzeit bei Otto <a href=\"https:\/\/uhg-emmen.ch\/?page_id=137\" class=\"more-link\">\u2026weiterlesen<span class=\"screen-reader-text\"> Aktuelles\"<\/span><\/a><\/p>\n","protected":false},"author":2,"featured_media":0,"parent":0,"menu_order":0,"comment_status":"closed","ping_status":"closed","template":"","meta":[],"_links":{"self":[{"href":"https:\/\/uhg-emmen.ch\/index.php?rest_route=\/wp\/v2\/pages\/137"}],"collection":[{"href":"https:\/\/uhg-emmen.ch\/index.php?rest_route=\/wp\/v2\/pages"}],"about":[{"href":"https:\/\/uhg-emmen.ch\/index.php?rest_route=\/wp\/v2\/types\/page"}],"author":[{"embeddable":true,"href":"https:\/\/uhg-emmen.ch\/index.php?rest_route=\/wp\/v2\/users\/2"}],"replies":[{"embeddable":true,"href":"https:\/\/uhg-emmen.ch\/index.php?rest_route=%2Fwp%2Fv2%2Fcomments&post=137"}],"version-history":[{"count":11,"href":"https:\/\/uhg-emmen.ch\/index.php?rest_route=\/wp\/v2\/pages\/137\/revisions"}],"predecessor-version":[{"id":231,"href":"https:\/\/uhg-emmen.ch\/index.php?rest_route=\/wp\/v2\/pages\/137\/revisions\/231"}],"wp:attachment":[{"href":"https:\/\/uhg-emmen.ch\/index.php?rest_route=%2Fwp%2Fv2%2Fmedia&parent=137"}],"curies":[{"name":"wp","href":"https:\/\/api.w.org\/{rel}","templated":true}]}}