{"id":149,"date":"2018-12-20T20:17:02","date_gmt":"2018-12-20T20:17:02","guid":{"rendered":"https:\/\/uhg-emmen.ch\/?page_id=149"},"modified":"2022-12-02T18:51:25","modified_gmt":"2022-12-02T18:51:25","slug":"willkommen-auf-unserer-homepage","status":"publish","type":"page","link":"https:\/\/uhg-emmen.ch\/","title":{"rendered":"Willkommen auf unserer Homepage!"},"content":{"rendered":"\n<p>Sch\u00f6n,&nbsp;sind Sie&nbsp;auf die Unterhaltsgenossenschaft (UHG) f\u00fcr G\u00fcterstrassen Emmen aufmerksam geworden.&nbsp;Es freut uns, Sie auf&nbsp;unserer&nbsp;Homepage begr\u00fcssen zu d\u00fcrfen. <\/p>\n\n\n\n<p><\/p>\n","protected":false},"excerpt":{"rendered":"<p>Sch\u00f6n,&nbsp;sind Sie&nbsp;auf die Unterhaltsgenossenschaft (UHG) f\u00fcr G\u00fcterstrassen Emmen aufmerksam geworden.&nbsp;Es freut uns, Sie auf&nbsp;unserer&nbsp;Homepage begr\u00fcssen zu d\u00fcrfen.<\/p>\n","protected":false},"author":2,"featured_media":0,"parent":0,"menu_order":0,"comment_status":"closed","ping_status":"closed","template":"","meta":[],"_links":{"self":[{"href":"https:\/\/uhg-emmen.ch\/index.php?rest_route=\/wp\/v2\/pages\/149"}],"collection":[{"href":"https:\/\/uhg-emmen.ch\/index.php?rest_route=\/wp\/v2\/pages"}],"about":[{"href":"https:\/\/uhg-emmen.ch\/index.php?rest_route=\/wp\/v2\/types\/page"}],"author":[{"embeddable":true,"href":"https:\/\/uhg-emmen.ch\/index.php?rest_route=\/wp\/v2\/users\/2"}],"replies":[{"embeddable":true,"href":"https:\/\/uhg-emmen.ch\/index.php?rest_route=%2Fwp%2Fv2%2Fcomments&post=149"}],"version-history":[{"count":3,"href":"https:\/\/uhg-emmen.ch\/index.php?rest_route=\/wp\/v2\/pages\/149\/revisions"}],"predecessor-version":[{"id":227,"href":"https:\/\/uhg-emmen.ch\/index.php?rest_route=\/wp\/v2\/pages\/149\/revisions\/227"}],"wp:attachment":[{"href":"https:\/\/uhg-emmen.ch\/index.php?rest_route=%2Fwp%2Fv2%2Fmedia&parent=149"}],"curies":[{"name":"wp","href":"https:\/\/api.w.org\/{rel}","templated":true}]}}