{"id":26,"date":"2018-04-19T08:25:40","date_gmt":"2018-04-19T08:25:40","guid":{"rendered":"https:\/\/uhg-emmen.ch\/?page_id=26"},"modified":"2018-04-27T12:14:33","modified_gmt":"2018-04-27T12:14:33","slug":"ueber-uns","status":"publish","type":"page","link":"https:\/\/uhg-emmen.ch\/?page_id=26","title":{"rendered":"\u00dcber uns"},"content":{"rendered":"<p>Wir sind die Unterhaltsgenossenschaft f\u00fcr G\u00fcterstrassen Emmen (UHG Emmen). Wir erhalten und pflegen die Emmer Strassen unserer Mitglieder, die als Bewirtschaftungswege landschaftliche Liegenschaften und offenes Land erschliessen.<\/p>\n<p>Als Genossenschaft schaffen wir gemeinsam die Grundlage, dass G\u00fcterstrassen unterhalten, instandgesetzt und effizient finanziert werden. Unsere Genossenschaft b\u00fcndelt das fachliche Wissen und die planerischen Kompetenzen seiner Mitglieder, agiert professionell und kann deshalb gr\u00f6ssere Projekte in Angriff nehmen, die wiederum mehr Subventionen generieren.<\/p>\n<p>Alle Eigent\u00fcmer von G\u00fcterstrassen in Emmen d\u00fcrfen sich uns anschliessen und von den Vorteilen einer Genossenschaft profitieren.<\/p>\n","protected":false},"excerpt":{"rendered":"<p>Wir sind die Unterhaltsgenossenschaft f\u00fcr G\u00fcterstrassen Emmen (UHG Emmen). Wir erhalten und pflegen die Emmer Strassen unserer Mitglieder, die als Bewirtschaftungswege landschaftliche Liegenschaften und offenes Land erschliessen. Als Genossenschaft schaffen wir gemeinsam die Grundlage, dass G\u00fcterstrassen unterhalten, instandgesetzt und effizient finanziert werden. Unsere Genossenschaft b\u00fcndelt das fachliche Wissen und die planerischen Kompetenzen seiner Mitglieder, agiert <a href=\"https:\/\/uhg-emmen.ch\/?page_id=26\" class=\"more-link\">\u2026weiterlesen<span class=\"screen-reader-text\"> \u00dcber uns\"<\/span><\/a><\/p>\n","protected":false},"author":1,"featured_media":0,"parent":0,"menu_order":0,"comment_status":"closed","ping_status":"closed","template":"","meta":[],"_links":{"self":[{"href":"https:\/\/uhg-emmen.ch\/index.php?rest_route=\/wp\/v2\/pages\/26"}],"collection":[{"href":"https:\/\/uhg-emmen.ch\/index.php?rest_route=\/wp\/v2\/pages"}],"about":[{"href":"https:\/\/uhg-emmen.ch\/index.php?rest_route=\/wp\/v2\/types\/page"}],"author":[{"embeddable":true,"href":"https:\/\/uhg-emmen.ch\/index.php?rest_route=\/wp\/v2\/users\/1"}],"replies":[{"embeddable":true,"href":"https:\/\/uhg-emmen.ch\/index.php?rest_route=%2Fwp%2Fv2%2Fcomments&post=26"}],"version-history":[{"count":3,"href":"https:\/\/uhg-emmen.ch\/index.php?rest_route=\/wp\/v2\/pages\/26\/revisions"}],"predecessor-version":[{"id":80,"href":"https:\/\/uhg-emmen.ch\/index.php?rest_route=\/wp\/v2\/pages\/26\/revisions\/80"}],"wp:attachment":[{"href":"https:\/\/uhg-emmen.ch\/index.php?rest_route=%2Fwp%2Fv2%2Fmedia&parent=26"}],"curies":[{"name":"wp","href":"https:\/\/api.w.org\/{rel}","templated":true}]}}