{"id":36,"date":"2018-04-19T12:03:53","date_gmt":"2018-04-19T12:03:53","guid":{"rendered":"https:\/\/uhg-emmen.ch\/?page_id=36"},"modified":"2018-12-20T13:35:13","modified_gmt":"2018-12-20T13:35:13","slug":"impressum","status":"publish","type":"page","link":"https:\/\/uhg-emmen.ch\/?page_id=36","title":{"rendered":"Impressum"},"content":{"rendered":"<p><strong>F\u00fcr Anliegen melden Sie sich bitte bei:<\/strong><\/p>\n<p>Vorsitzender Arbeitsgruppe UHG Emmen<\/p>\n<p>Otto B\u00fchlmann<br \/>Erlenstrasse 83<br \/>6020 Emmenbr\u00fccke<\/p>\n<p>Tel. 079 920 89 67<br \/>E-mail: <a href=\"mailto:otto.buehlmann@bluewin.ch\">otto.buehlmann@bluewin.ch<\/a><\/p>\n<p>\u00a0<\/p>\n<p><strong>Mitglieder der Arbeitsgruppe:<\/strong><\/p>\n<p>Bannwart Philipp, Vorstandsmitglied IG G\u00fcst<\/p>\n<p>B\u00fchlmann Thomas, Vorstandsmitglied IG G\u00fcst<\/p>\n<p>G\u00fcrber Benno, Vorstandsmitglied IG G\u00fcst<\/p>\n<p>Halter Stefan, Vorstandsmitglied IG G\u00fcst<\/p>\n<p>Christen Martin, Fachleiter l\u00e4ndliche Entwicklung lawa<\/p>\n<p>Graber Reto, Fachbereich Strukturverbesserung lawa<\/p>\n<p>Kuhn Bernhard, Leiter Departement Tiefbau und Werke<\/p>\n<p>Odermatt Bruno, Leiter Bereich Immobilien<\/p>\n<p>Hofer Ueli, Ingenieur \/ Projektleiter KOST+PARTNER AG<\/p>\n<p>Schuler Franz, Projektleiter KOST+PARTNER AG<\/p>\n<p>\u00a0<\/p>\n\n\n<p><\/p>\n","protected":false},"excerpt":{"rendered":"<p>F\u00fcr Anliegen melden Sie sich bitte bei: Vorsitzender Arbeitsgruppe UHG Emmen Otto B\u00fchlmannErlenstrasse 836020 Emmenbr\u00fccke Tel. 079 920 89 67E-mail: otto.buehlmann@bluewin.ch \u00a0 Mitglieder der Arbeitsgruppe: Bannwart Philipp, Vorstandsmitglied IG G\u00fcst B\u00fchlmann Thomas, Vorstandsmitglied IG G\u00fcst G\u00fcrber Benno, Vorstandsmitglied IG G\u00fcst Halter Stefan, Vorstandsmitglied IG G\u00fcst Christen Martin, Fachleiter l\u00e4ndliche Entwicklung lawa Graber Reto, Fachbereich Strukturverbesserung <a href=\"https:\/\/uhg-emmen.ch\/?page_id=36\" class=\"more-link\">\u2026weiterlesen<span class=\"screen-reader-text\"> Impressum\"<\/span><\/a><\/p>\n","protected":false},"author":1,"featured_media":0,"parent":0,"menu_order":0,"comment_status":"closed","ping_status":"closed","template":"","meta":[],"_links":{"self":[{"href":"https:\/\/uhg-emmen.ch\/index.php?rest_route=\/wp\/v2\/pages\/36"}],"collection":[{"href":"https:\/\/uhg-emmen.ch\/index.php?rest_route=\/wp\/v2\/pages"}],"about":[{"href":"https:\/\/uhg-emmen.ch\/index.php?rest_route=\/wp\/v2\/types\/page"}],"author":[{"embeddable":true,"href":"https:\/\/uhg-emmen.ch\/index.php?rest_route=\/wp\/v2\/users\/1"}],"replies":[{"embeddable":true,"href":"https:\/\/uhg-emmen.ch\/index.php?rest_route=%2Fwp%2Fv2%2Fcomments&post=36"}],"version-history":[{"count":9,"href":"https:\/\/uhg-emmen.ch\/index.php?rest_route=\/wp\/v2\/pages\/36\/revisions"}],"predecessor-version":[{"id":136,"href":"https:\/\/uhg-emmen.ch\/index.php?rest_route=\/wp\/v2\/pages\/36\/revisions\/136"}],"wp:attachment":[{"href":"https:\/\/uhg-emmen.ch\/index.php?rest_route=%2Fwp%2Fv2%2Fmedia&parent=36"}],"curies":[{"name":"wp","href":"https:\/\/api.w.org\/{rel}","templated":true}]}}